{"id":5642,"date":"2024-05-03T18:33:33","date_gmt":"2024-05-03T21:33:33","guid":{"rendered":"https:\/\/estrategia.schwartzmkt.com\/?page_id=5642"},"modified":"2024-05-03T18:45:45","modified_gmt":"2024-05-03T21:45:45","slug":"mentoria-em-tecnologia-e-comunicacao","status":"publish","type":"page","link":"https:\/\/estrategia.schwartzmkt.com\/index.php\/mentoria-em-tecnologia-e-comunicacao\/","title":{"rendered":"Mentoria em Tecnologia e Comunica\u00e7\u00e3o"},"content":{"rendered":"\t\t<div data-elementor-type=\"wp-page\" data-elementor-id=\"5642\" class=\"elementor elementor-5642\" data-elementor-post-type=\"page\">\n\t\t\t\t<div class=\"elementor-element elementor-element-6ed1dd40 e-flex e-con-boxed e-con e-parent\" data-id=\"6ed1dd40\" data-element_type=\"container\">\n\t\t\t\t\t<div class=\"e-con-inner\">\n\t\t\t\t<div class=\"elementor-element elementor-element-3ec75db0 elementor-widget elementor-widget-text-editor\" data-id=\"3ec75db0\" data-element_type=\"widget\" data-widget_type=\"text-editor.default\">\n\t\t\t\t<div class=\"elementor-widget-container\">\n\t\t\t<style>\/*! elementor - v3.21.0 - 08-05-2024 *\/\n.elementor-widget-text-editor.elementor-drop-cap-view-stacked .elementor-drop-cap{background-color:#69727d;color:#fff}.elementor-widget-text-editor.elementor-drop-cap-view-framed .elementor-drop-cap{color:#69727d;border:3px solid;background-color:transparent}.elementor-widget-text-editor:not(.elementor-drop-cap-view-default) .elementor-drop-cap{margin-top:8px}.elementor-widget-text-editor:not(.elementor-drop-cap-view-default) .elementor-drop-cap-letter{width:1em;height:1em}.elementor-widget-text-editor .elementor-drop-cap{float:left;text-align:center;line-height:1;font-size:50px}.elementor-widget-text-editor .elementor-drop-cap-letter{display:inline-block}<\/style>\t\t\t\t&nbsp;\n<div id=\"accel-snackbar\" style=\"left: 50%; transform: translate(-50%, 0px); top: 50px;\"><\/div>\t\t\t\t\t\t<\/div>\n\t\t\t\t<\/div>\n\t\t\t\t\t<\/div>\n\t\t\t\t<\/div>\n\t\t\t\t<section class=\"elementor-section elementor-top-section elementor-element elementor-element-f7c17a2 elementor-section-content-middle ot-traditional elementor-section-boxed elementor-section-height-default elementor-section-height-default\" data-id=\"f7c17a2\" data-element_type=\"section\" data-settings=\"{&quot;background_background&quot;:&quot;classic&quot;}\">\n\t\t\t\t\t\t<div class=\"elementor-container elementor-column-gap-extended\">\n\t\t\t\t\t<div class=\"elementor-column elementor-col-50 elementor-top-column elementor-element elementor-element-d36ffc4 ot-flex-column-vertical\" data-id=\"d36ffc4\" data-element_type=\"column\">\n\t\t\t<div class=\"elementor-widget-wrap elementor-element-populated\">\n\t\t\t\t\t\t<div class=\"elementor-element elementor-element-5a4414a elementor-widget elementor-widget-iheading\" data-id=\"5a4414a\" data-element_type=\"widget\" data-widget_type=\"iheading.default\">\n\t\t\t\t<div class=\"elementor-widget-container\">\n\t\t\t\t\t<div class=\"ot-heading\">\r\n\t        \t            <span>\/\/ mentoria em tecnologia & comunica\u00e7\u00e3o<\/span>\r\n\t        <h2 class=\"main-heading\">Transforme Seu Potencial <br>\ncom a Nossa Mentoria<\/h2>\t    <\/div>\r\n\t    \t\t<\/div>\n\t\t\t\t<\/div>\n\t\t\t\t<div class=\"elementor-element elementor-element-1c352ff elementor-widget elementor-widget-text-editor\" data-id=\"1c352ff\" data-element_type=\"widget\" data-widget_type=\"text-editor.default\">\n\t\t\t\t<div class=\"elementor-widget-container\">\n\t\t\t\t\t\t\t<p>No ambiente empresarial acelerado de hoje, manter-se atualizado com as \u00faltimas tecnologias e estrat\u00e9gias de comunica\u00e7\u00e3o \u00e9 essencial. A Schwartz &amp; Gama oferece um servi\u00e7o exclusivo de mentoria em tecnologia e comunica\u00e7\u00e3o, projetado para l\u00edderes e equipes que buscam excel\u00eancia e inova\u00e7\u00e3o cont\u00ednua.<\/p><p><strong>Por Que Nos Escolher?<\/strong> <br \/>A mentoria da Schwartz &amp; Gama \u00e9 conduzida por especialistas com anos de experi\u00eancia pr\u00e1tica em tecnologia e estrat\u00e9gias de comunica\u00e7\u00e3o. Combinamos conhecimento t\u00e9cnico com insights estrat\u00e9gicos para moldar l\u00edderes e equipes que n\u00e3o apenas acompanham, mas lideram em suas ind\u00fastrias.<\/p><div id=\"accel-snackbar\" style=\"left: 50%; transform: translate(-50%, 0px); top: 50px;\">\u00a0<\/div>\t\t\t\t\t\t<\/div>\n\t\t\t\t<\/div>\n\t\t\t\t\t<\/div>\n\t\t<\/div>\n\t\t\t\t<div class=\"elementor-column elementor-col-50 elementor-top-column elementor-element elementor-element-6c633c3 ot-flex-column-vertical\" data-id=\"6c633c3\" data-element_type=\"column\">\n\t\t\t<div class=\"elementor-widget-wrap elementor-element-populated\">\n\t\t\t\t\t\t<section class=\"elementor-section elementor-inner-section elementor-element elementor-element-86bde68 elementor-section-full_width ot-layout_block elementor-section-height-default elementor-section-height-default\" data-id=\"86bde68\" data-element_type=\"section\">\n\t\t\t\t\t\t<div class=\"elementor-container elementor-column-gap-extended\">\n\t\t\t\t\t<div class=\"elementor-column elementor-col-50 elementor-inner-column elementor-element elementor-element-31a23bf ot-flex-column-vertical\" data-id=\"31a23bf\" data-element_type=\"column\">\n\t\t\t<div class=\"elementor-widget-wrap elementor-element-populated\">\n\t\t\t\t\t\t<div class=\"elementor-element elementor-element-c799873 elementor-widget elementor-widget-iimagebox1\" data-id=\"c799873\" data-element_type=\"widget\" data-widget_type=\"iimagebox1.default\">\n\t\t\t\t<div class=\"elementor-widget-container\">\n\t\t\t\t\t<a class=\"ot-image-box\" href=\"#\">\r\n\t\t\t<div class=\"overlay\">\r\n\t        \t<h4><\/h4>\r\n\t\t\t<\/div>\r\n\t\t\t<img decoding=\"async\" src=\"https:\/\/estrategia.schwartzmkt.com\/wp-content\/uploads\/2019\/12\/author-widget.jpg\" alt=\"\">\r\n\t\t<\/a>\r\n\t    \t\t<\/div>\n\t\t\t\t<\/div>\n\t\t\t\t\t<\/div>\n\t\t<\/div>\n\t\t\t\t<div class=\"elementor-column elementor-col-50 elementor-inner-column elementor-element elementor-element-e3bfa1b ot-flex-column-vertical\" data-id=\"e3bfa1b\" data-element_type=\"column\">\n\t\t\t<div class=\"elementor-widget-wrap elementor-element-populated\">\n\t\t\t\t\t\t<div class=\"elementor-element elementor-element-0ede75b elementor-widget elementor-widget-iimagebox1\" data-id=\"0ede75b\" data-element_type=\"widget\" data-widget_type=\"iimagebox1.default\">\n\t\t\t\t<div class=\"elementor-widget-container\">\n\t\t\t\t\t<a class=\"ot-image-box\" href=\"#\">\r\n\t\t\t<div class=\"overlay\">\r\n\t        \t<h4><\/h4>\r\n\t\t\t<\/div>\r\n\t\t\t<img decoding=\"async\" src=\"https:\/\/estrategia.schwartzmkt.com\/wp-content\/uploads\/2020\/02\/image-box1.jpg\" alt=\"\">\r\n\t\t<\/a>\r\n\t    \t\t<\/div>\n\t\t\t\t<\/div>\n\t\t\t\t<div class=\"elementor-element elementor-element-f1bc862 elementor-widget elementor-widget-iimagebox1\" data-id=\"f1bc862\" data-element_type=\"widget\" data-widget_type=\"iimagebox1.default\">\n\t\t\t\t<div class=\"elementor-widget-container\">\n\t\t\t\t\t<a class=\"ot-image-box\" href=\"#\">\r\n\t\t\t<div class=\"overlay\">\r\n\t        \t<h4><\/h4>\r\n\t\t\t<\/div>\r\n\t\t\t<img decoding=\"async\" src=\"https:\/\/estrategia.schwartzmkt.com\/wp-content\/uploads\/2020\/01\/support1.jpg\" alt=\"\">\r\n\t\t<\/a>\r\n\t    \t\t<\/div>\n\t\t\t\t<\/div>\n\t\t\t\t\t<\/div>\n\t\t<\/div>\n\t\t\t\t\t<\/div>\n\t\t<\/section>\n\t\t\t\t\t<\/div>\n\t\t<\/div>\n\t\t\t\t\t<\/div>\n\t\t<\/section>\n\t\t\t\t<section class=\"elementor-section elementor-top-section elementor-element elementor-element-d75b5bb elementor-section-stretched ot-traditional elementor-section-boxed elementor-section-height-default elementor-section-height-default\" data-id=\"d75b5bb\" data-element_type=\"section\" data-settings=\"{&quot;background_background&quot;:&quot;classic&quot;,&quot;stretch_section&quot;:&quot;section-stretched&quot;}\">\n\t\t\t\t\t\t\t<div class=\"elementor-background-overlay\"><\/div>\n\t\t\t\t\t\t\t<div class=\"elementor-container elementor-column-gap-extended\">\n\t\t\t\t\t<div class=\"elementor-column elementor-col-50 elementor-top-column elementor-element elementor-element-e46c3f1 ot-flex-column-vertical\" data-id=\"e46c3f1\" data-element_type=\"column\">\n\t\t\t<div class=\"elementor-widget-wrap elementor-element-populated\">\n\t\t\t\t\t\t<div class=\"elementor-element elementor-element-9d98c44 elementor-widget elementor-widget-image\" data-id=\"9d98c44\" data-element_type=\"widget\" data-widget_type=\"image.default\">\n\t\t\t\t<div class=\"elementor-widget-container\">\n\t\t\t<style>\/*! elementor - v3.21.0 - 08-05-2024 *\/\n.elementor-widget-image{text-align:center}.elementor-widget-image a{display:inline-block}.elementor-widget-image a img[src$=\".svg\"]{width:48px}.elementor-widget-image img{vertical-align:middle;display:inline-block}<\/style>\t\t\t\t\t\t\t\t\t\t<img fetchpriority=\"high\" decoding=\"async\" width=\"1920\" height=\"811\" src=\"https:\/\/estrategia.schwartzmkt.com\/wp-content\/uploads\/revslider\/home-4\/slide3-home4.jpg\" class=\"attachment-full size-full wp-image-5011\" alt=\"\" srcset=\"https:\/\/estrategia.schwartzmkt.com\/wp-content\/uploads\/revslider\/home-4\/slide3-home4.jpg 1920w, https:\/\/estrategia.schwartzmkt.com\/wp-content\/uploads\/revslider\/home-4\/slide3-home4-300x127.jpg 300w, https:\/\/estrategia.schwartzmkt.com\/wp-content\/uploads\/revslider\/home-4\/slide3-home4-1024x433.jpg 1024w, https:\/\/estrategia.schwartzmkt.com\/wp-content\/uploads\/revslider\/home-4\/slide3-home4-768x324.jpg 768w, https:\/\/estrategia.schwartzmkt.com\/wp-content\/uploads\/revslider\/home-4\/slide3-home4-1536x649.jpg 1536w, https:\/\/estrategia.schwartzmkt.com\/wp-content\/uploads\/revslider\/home-4\/slide3-home4-720x304.jpg 720w\" sizes=\"(max-width: 1920px) 100vw, 1920px\" \/>\t\t\t\t\t\t\t\t\t\t\t\t\t<\/div>\n\t\t\t\t<\/div>\n\t\t\t\t\t<\/div>\n\t\t<\/div>\n\t\t\t\t<div class=\"elementor-column elementor-col-50 elementor-top-column elementor-element elementor-element-47dbda0 ot-flex-column-vertical\" data-id=\"47dbda0\" data-element_type=\"column\">\n\t\t\t<div class=\"elementor-widget-wrap elementor-element-populated\">\n\t\t\t\t\t\t<div class=\"elementor-element elementor-element-4e9a2e3 elementor-widget elementor-widget-iheading\" data-id=\"4e9a2e3\" data-element_type=\"widget\" data-widget_type=\"iheading.default\">\n\t\t\t\t<div class=\"elementor-widget-container\">\n\t\t\t\t\t<div class=\"ot-heading\">\r\n\t        \t            <span>\/\/ mentoria em tecnologia & comunica\u00e7\u00e3o<\/span>\r\n\t        <h2 class=\"main-heading\">Nossos Servi\u00e7os Incluem:<\/h2>\t    <\/div>\r\n\t    \t\t<\/div>\n\t\t\t\t<\/div>\n\t\t\t\t<section class=\"elementor-section elementor-inner-section elementor-element elementor-element-adff21c elementor-section-full_width ot-traditional elementor-section-height-default elementor-section-height-default\" data-id=\"adff21c\" data-element_type=\"section\">\n\t\t\t\t\t\t<div class=\"elementor-container elementor-column-gap-default\">\n\t\t\t\t\t<div class=\"elementor-column elementor-col-100 elementor-inner-column elementor-element elementor-element-348d0ae ot-flex-column-vertical\" data-id=\"348d0ae\" data-element_type=\"column\">\n\t\t\t<div class=\"elementor-widget-wrap elementor-element-populated\">\n\t\t\t\t\t\t<div class=\"elementor-element elementor-element-11c5b10 elementor-widget elementor-widget-heading\" data-id=\"11c5b10\" data-element_type=\"widget\" data-widget_type=\"heading.default\">\n\t\t\t\t<div class=\"elementor-widget-container\">\n\t\t\t<style>\/*! elementor - v3.21.0 - 08-05-2024 *\/\n.elementor-heading-title{padding:0;margin:0;line-height:1}.elementor-widget-heading .elementor-heading-title[class*=elementor-size-]>a{color:inherit;font-size:inherit;line-height:inherit}.elementor-widget-heading .elementor-heading-title.elementor-size-small{font-size:15px}.elementor-widget-heading .elementor-heading-title.elementor-size-medium{font-size:19px}.elementor-widget-heading .elementor-heading-title.elementor-size-large{font-size:29px}.elementor-widget-heading .elementor-heading-title.elementor-size-xl{font-size:39px}.elementor-widget-heading .elementor-heading-title.elementor-size-xxl{font-size:59px}<\/style><h5 class=\"elementor-heading-title elementor-size-default\">Sess\u00f5es Personalizadas de Mentoria<\/h5>\t\t<\/div>\n\t\t\t\t<\/div>\n\t\t\t\t<div class=\"elementor-element elementor-element-8e37180 elementor-widget elementor-widget-text-editor\" data-id=\"8e37180\" data-element_type=\"widget\" data-widget_type=\"text-editor.default\">\n\t\t\t\t<div class=\"elementor-widget-container\">\n\t\t\t\t\t\t\t<p>Orienta\u00e7\u00e3o personalizada para ajudar voc\u00ea a navegar pelas complexidades da tecnologia moderna e estrat\u00e9gias de comunica\u00e7\u00e3o eficazes. Nossas sess\u00f5es s\u00e3o adaptadas \u00e0s necessidades espec\u00edficas de cada cliente, garantindo uma experi\u00eancia de aprendizado relevante e impactante.<\/p><div id=\"accel-snackbar\" style=\"left: 50%; transform: translate(-50%, 0px); top: 50px;\">\u00a0<\/div>\t\t\t\t\t\t<\/div>\n\t\t\t\t<\/div>\n\t\t\t\t\t<\/div>\n\t\t<\/div>\n\t\t\t\t\t<\/div>\n\t\t<\/section>\n\t\t\t\t<section class=\"elementor-section elementor-inner-section elementor-element elementor-element-9bb9d5f elementor-section-full_width ot-traditional elementor-section-height-default elementor-section-height-default\" data-id=\"9bb9d5f\" data-element_type=\"section\">\n\t\t\t\t\t\t<div class=\"elementor-container elementor-column-gap-default\">\n\t\t\t\t\t<div class=\"elementor-column elementor-col-100 elementor-inner-column elementor-element elementor-element-6cc8b39 ot-flex-column-vertical\" data-id=\"6cc8b39\" data-element_type=\"column\">\n\t\t\t<div class=\"elementor-widget-wrap elementor-element-populated\">\n\t\t\t\t\t\t<div class=\"elementor-element elementor-element-cc72697 elementor-widget elementor-widget-heading\" data-id=\"cc72697\" data-element_type=\"widget\" data-widget_type=\"heading.default\">\n\t\t\t\t<div class=\"elementor-widget-container\">\n\t\t\t<h5 class=\"elementor-heading-title elementor-size-default\">Capacita\u00e7\u00e3o em Ferramentas Tecnol\u00f3gicas<\/h5>\t\t<\/div>\n\t\t\t\t<\/div>\n\t\t\t\t<div class=\"elementor-element elementor-element-2f9e9f1 elementor-widget elementor-widget-text-editor\" data-id=\"2f9e9f1\" data-element_type=\"widget\" data-widget_type=\"text-editor.default\">\n\t\t\t\t<div class=\"elementor-widget-container\">\n\t\t\t\t\t\t\t<p>Domine as ferramentas e plataformas mais avan\u00e7adas usadas no marketing digital e na comunica\u00e7\u00e3o empresarial. Oferecemos treinamento pr\u00e1tico para garantir que voc\u00ea e sua equipe possam utilizar a tecnologia a favor do seu neg\u00f3cio.<\/p><div id=\"accel-snackbar\" style=\"left: 50%; transform: translate(-50%, 0px); top: 50px;\">\u00a0<\/div>\t\t\t\t\t\t<\/div>\n\t\t\t\t<\/div>\n\t\t\t\t\t<\/div>\n\t\t<\/div>\n\t\t\t\t\t<\/div>\n\t\t<\/section>\n\t\t\t\t<section class=\"elementor-section elementor-inner-section elementor-element elementor-element-f46b45c elementor-section-full_width ot-traditional elementor-section-height-default elementor-section-height-default\" data-id=\"f46b45c\" data-element_type=\"section\">\n\t\t\t\t\t\t<div class=\"elementor-container elementor-column-gap-default\">\n\t\t\t\t\t<div class=\"elementor-column elementor-col-100 elementor-inner-column elementor-element elementor-element-a561352 ot-flex-column-vertical\" data-id=\"a561352\" data-element_type=\"column\">\n\t\t\t<div class=\"elementor-widget-wrap elementor-element-populated\">\n\t\t\t\t\t\t<div class=\"elementor-element elementor-element-ece43fc elementor-widget elementor-widget-heading\" data-id=\"ece43fc\" data-element_type=\"widget\" data-widget_type=\"heading.default\">\n\t\t\t\t<div class=\"elementor-widget-container\">\n\t\t\t<h5 class=\"elementor-heading-title elementor-size-default\">Desenvolvimento de Habilidades em Comunica\u00e7\u00e3o Digital<\/h5>\t\t<\/div>\n\t\t\t\t<\/div>\n\t\t\t\t<div class=\"elementor-element elementor-element-945a5b9 elementor-widget elementor-widget-text-editor\" data-id=\"945a5b9\" data-element_type=\"widget\" data-widget_type=\"text-editor.default\">\n\t\t\t\t<div class=\"elementor-widget-container\">\n\t\t\t\t\t\t\t<p>Aprenda a criar e implementar estrat\u00e9gias de comunica\u00e7\u00e3o que ressoem com seu p\u00fablico-alvo e amplifiquem sua mensagem no digital.<\/p><div id=\"accel-snackbar\" style=\"left: 50%; transform: translate(-50%, 0px); top: 50px;\">\u00a0<\/div>\t\t\t\t\t\t<\/div>\n\t\t\t\t<\/div>\n\t\t\t\t\t<\/div>\n\t\t<\/div>\n\t\t\t\t\t<\/div>\n\t\t<\/section>\n\t\t\t\t<section class=\"elementor-section elementor-inner-section elementor-element elementor-element-d4a80df elementor-section-full_width ot-traditional elementor-section-height-default elementor-section-height-default\" data-id=\"d4a80df\" data-element_type=\"section\">\n\t\t\t\t\t\t<div class=\"elementor-container elementor-column-gap-default\">\n\t\t\t\t\t<div class=\"elementor-column elementor-col-100 elementor-inner-column elementor-element elementor-element-89640f0 ot-flex-column-vertical\" data-id=\"89640f0\" data-element_type=\"column\">\n\t\t\t<div class=\"elementor-widget-wrap elementor-element-populated\">\n\t\t\t\t\t\t<div class=\"elementor-element elementor-element-a2dc652 elementor-widget elementor-widget-heading\" data-id=\"a2dc652\" data-element_type=\"widget\" data-widget_type=\"heading.default\">\n\t\t\t\t<div class=\"elementor-widget-container\">\n\t\t\t<h5 class=\"elementor-heading-title elementor-size-default\">Inova\u00e7\u00e3o em Estrat\u00e9gias de Comunica\u00e7\u00e3o<\/h5>\t\t<\/div>\n\t\t\t\t<\/div>\n\t\t\t\t<div class=\"elementor-element elementor-element-a1e1c2c elementor-widget elementor-widget-text-editor\" data-id=\"a1e1c2c\" data-element_type=\"widget\" data-widget_type=\"text-editor.default\">\n\t\t\t\t<div class=\"elementor-widget-container\">\n\t\t\t\t\t\t\t<p>Explore novas formas de comunica\u00e7\u00e3o e marketing, utilizando a inova\u00e7\u00e3o como ferramenta chave para o desenvolvimento de solu\u00e7\u00f5es criativas e eficientes.<\/p><div id=\"accel-snackbar\" style=\"left: 50%; transform: translate(-50%, 0px); top: 50px;\">\u00a0<\/div>\t\t\t\t\t\t<\/div>\n\t\t\t\t<\/div>\n\t\t\t\t\t<\/div>\n\t\t<\/div>\n\t\t\t\t\t<\/div>\n\t\t<\/section>\n\t\t\t\t<section class=\"elementor-section elementor-inner-section elementor-element elementor-element-af5c973 elementor-section-full_width ot-traditional elementor-section-height-default elementor-section-height-default\" data-id=\"af5c973\" data-element_type=\"section\">\n\t\t\t\t\t\t<div class=\"elementor-container elementor-column-gap-default\">\n\t\t\t\t\t<div class=\"elementor-column elementor-col-100 elementor-inner-column elementor-element elementor-element-408a67d ot-flex-column-vertical\" data-id=\"408a67d\" data-element_type=\"column\">\n\t\t\t<div class=\"elementor-widget-wrap elementor-element-populated\">\n\t\t\t\t\t\t<div class=\"elementor-element elementor-element-307225b elementor-widget elementor-widget-heading\" data-id=\"307225b\" data-element_type=\"widget\" data-widget_type=\"heading.default\">\n\t\t\t\t<div class=\"elementor-widget-container\">\n\t\t\t<h5 class=\"elementor-heading-title elementor-size-default\">Acompanhamento Cont\u00ednuo<\/h5>\t\t<\/div>\n\t\t\t\t<\/div>\n\t\t\t\t<div class=\"elementor-element elementor-element-3cfd474 elementor-widget elementor-widget-text-editor\" data-id=\"3cfd474\" data-element_type=\"widget\" data-widget_type=\"text-editor.default\">\n\t\t\t\t<div class=\"elementor-widget-container\">\n\t\t\t\t\t\t\t<p>Nossa mentoria n\u00e3o termina com as sess\u00f5es; oferecemos acompanhamento cont\u00ednuo para garantir a aplica\u00e7\u00e3o efetiva das estrat\u00e9gias e tecnologias aprendidas.<\/p><div id=\"accel-snackbar\" style=\"left: 50%; transform: translate(-50%, 0px); top: 50px;\">\u00a0<\/div>\t\t\t\t\t\t<\/div>\n\t\t\t\t<\/div>\n\t\t\t\t\t<\/div>\n\t\t<\/div>\n\t\t\t\t\t<\/div>\n\t\t<\/section>\n\t\t\t\t\t<\/div>\n\t\t<\/div>\n\t\t\t\t\t<\/div>\n\t\t<\/section>\n\t\t\t\t<\/div>\n\t\t","protected":false},"excerpt":{"rendered":"<p>&nbsp; \/\/ mentoria em tecnologia &#038; comunica\u00e7\u00e3o Transforme Seu Potencial com a Nossa Mentoria No ambiente empresarial acelerado de hoje, manter-se atualizado com as \u00faltimas tecnologias e estrat\u00e9gias de comunica\u00e7\u00e3o \u00e9 essencial. A Schwartz &amp; Gama oferece um servi\u00e7o exclusivo de mentoria em tecnologia e comunica\u00e7\u00e3o, projetado para l\u00edderes e equipes que buscam excel\u00eancia e [&hellip;]<\/p>\n","protected":false},"author":1,"featured_media":0,"parent":0,"menu_order":0,"comment_status":"closed","ping_status":"closed","template":"","meta":{"footnotes":""},"_links":{"self":[{"href":"https:\/\/estrategia.schwartzmkt.com\/index.php\/wp-json\/wp\/v2\/pages\/5642"}],"collection":[{"href":"https:\/\/estrategia.schwartzmkt.com\/index.php\/wp-json\/wp\/v2\/pages"}],"about":[{"href":"https:\/\/estrategia.schwartzmkt.com\/index.php\/wp-json\/wp\/v2\/types\/page"}],"author":[{"embeddable":true,"href":"https:\/\/estrategia.schwartzmkt.com\/index.php\/wp-json\/wp\/v2\/users\/1"}],"replies":[{"embeddable":true,"href":"https:\/\/estrategia.schwartzmkt.com\/index.php\/wp-json\/wp\/v2\/comments?post=5642"}],"version-history":[{"count":9,"href":"https:\/\/estrategia.schwartzmkt.com\/index.php\/wp-json\/wp\/v2\/pages\/5642\/revisions"}],"predecessor-version":[{"id":5653,"href":"https:\/\/estrategia.schwartzmkt.com\/index.php\/wp-json\/wp\/v2\/pages\/5642\/revisions\/5653"}],"wp:attachment":[{"href":"https:\/\/estrategia.schwartzmkt.com\/index.php\/wp-json\/wp\/v2\/media?parent=5642"}],"curies":[{"name":"wp","href":"https:\/\/api.w.org\/{rel}","templated":true}]}}