{"id":5616,"date":"2024-05-03T18:03:53","date_gmt":"2024-05-03T21:03:53","guid":{"rendered":"https:\/\/estrategia.schwartzmkt.com\/?page_id=5616"},"modified":"2024-05-03T18:49:00","modified_gmt":"2024-05-03T21:49:00","slug":"consultoria-em-marketing-digital","status":"publish","type":"page","link":"https:\/\/estrategia.schwartzmkt.com\/index.php\/consultoria-em-marketing-digital\/","title":{"rendered":"Consultoria em Marketing Digital"},"content":{"rendered":"\t\t<div data-elementor-type=\"wp-page\" data-elementor-id=\"5616\" class=\"elementor elementor-5616\" data-elementor-post-type=\"page\">\n\t\t\t\t<div class=\"elementor-element elementor-element-3c15cb44 e-flex e-con-boxed e-con e-parent\" data-id=\"3c15cb44\" data-element_type=\"container\">\n\t\t\t\t\t<div class=\"e-con-inner\">\n\t\t\t\t<div class=\"elementor-element elementor-element-7d3843d5 elementor-widget elementor-widget-text-editor\" data-id=\"7d3843d5\" data-element_type=\"widget\" data-widget_type=\"text-editor.default\">\n\t\t\t\t<div class=\"elementor-widget-container\">\n\t\t\t<style>\/*! elementor - v3.21.0 - 08-05-2024 *\/\n.elementor-widget-text-editor.elementor-drop-cap-view-stacked .elementor-drop-cap{background-color:#69727d;color:#fff}.elementor-widget-text-editor.elementor-drop-cap-view-framed .elementor-drop-cap{color:#69727d;border:3px solid;background-color:transparent}.elementor-widget-text-editor:not(.elementor-drop-cap-view-default) .elementor-drop-cap{margin-top:8px}.elementor-widget-text-editor:not(.elementor-drop-cap-view-default) .elementor-drop-cap-letter{width:1em;height:1em}.elementor-widget-text-editor .elementor-drop-cap{float:left;text-align:center;line-height:1;font-size:50px}.elementor-widget-text-editor .elementor-drop-cap-letter{display:inline-block}<\/style>\t\t\t\t&nbsp;\n<div id=\"accel-snackbar\" style=\"left: 50%; transform: translate(-50%, 0px); top: 50px;\"><\/div>\t\t\t\t\t\t<\/div>\n\t\t\t\t<\/div>\n\t\t\t\t\t<\/div>\n\t\t\t\t<\/div>\n\t\t\t\t<section class=\"elementor-section elementor-top-section elementor-element elementor-element-710cde1 elementor-section-content-middle ot-traditional elementor-section-boxed elementor-section-height-default elementor-section-height-default\" data-id=\"710cde1\" data-element_type=\"section\" data-settings=\"{&quot;background_background&quot;:&quot;classic&quot;}\">\n\t\t\t\t\t\t<div class=\"elementor-container elementor-column-gap-extended\">\n\t\t\t\t\t<div class=\"elementor-column elementor-col-50 elementor-top-column elementor-element elementor-element-0bd7744 ot-flex-column-vertical\" data-id=\"0bd7744\" data-element_type=\"column\">\n\t\t\t<div class=\"elementor-widget-wrap elementor-element-populated\">\n\t\t\t\t\t\t<div class=\"elementor-element elementor-element-8fdae0a elementor-widget elementor-widget-iheading\" data-id=\"8fdae0a\" data-element_type=\"widget\" data-widget_type=\"iheading.default\">\n\t\t\t\t<div class=\"elementor-widget-container\">\n\t\t\t\t\t<div class=\"ot-heading\">\r\n\t        \t            <span>\/\/ CONSULTORIA EM MARKETING DIGITAL<\/span>\r\n\t        <h2 class=\"main-heading\">Transforme Sua <br>\nPresen\u00e7a  Online<\/h2>\t    <\/div>\r\n\t    \t\t<\/div>\n\t\t\t\t<\/div>\n\t\t\t\t<div class=\"elementor-element elementor-element-6ac38b8 elementor-widget elementor-widget-text-editor\" data-id=\"6ac38b8\" data-element_type=\"widget\" data-widget_type=\"text-editor.default\">\n\t\t\t\t<div class=\"elementor-widget-container\">\n\t\t\t\t\t\t\t<p>No mundo digital de hoje, uma presen\u00e7a online robusta \u00e9 essencial para o sucesso dos neg\u00f3cios. A Schwartz &amp; Gama oferece servi\u00e7os de consultoria em marketing digital para ajudar sua empresa a alcan\u00e7ar excel\u00eancia e inova\u00e7\u00e3o no ambiente digital.<\/p><p><strong>Por Que Nos Escolher?<\/strong> <br \/>Combinamos expertise de mercado com tecnologias avan\u00e7adas para fornecer estrat\u00e9gias personalizadas que impulsionam o crescimento e a presen\u00e7a digital de sua empresa.<\/p><div id=\"accel-snackbar\" style=\"left: 50%; transform: translate(-50%, 0px); top: 50px;\">\u00a0<\/div>\t\t\t\t\t\t<\/div>\n\t\t\t\t<\/div>\n\t\t\t\t\t<\/div>\n\t\t<\/div>\n\t\t\t\t<div class=\"elementor-column elementor-col-50 elementor-top-column elementor-element elementor-element-fc558e3 ot-flex-column-vertical\" data-id=\"fc558e3\" data-element_type=\"column\">\n\t\t\t<div class=\"elementor-widget-wrap elementor-element-populated\">\n\t\t\t\t\t\t<section class=\"elementor-section elementor-inner-section elementor-element elementor-element-c6e7930 elementor-section-full_width ot-layout_block elementor-section-height-default elementor-section-height-default\" data-id=\"c6e7930\" data-element_type=\"section\">\n\t\t\t\t\t\t<div class=\"elementor-container elementor-column-gap-extended\">\n\t\t\t\t\t<div class=\"elementor-column elementor-col-50 elementor-inner-column elementor-element elementor-element-a6417c6 ot-flex-column-vertical\" data-id=\"a6417c6\" data-element_type=\"column\">\n\t\t\t<div class=\"elementor-widget-wrap elementor-element-populated\">\n\t\t\t\t\t\t<div class=\"elementor-element elementor-element-6280a86 elementor-widget elementor-widget-iimagebox1\" data-id=\"6280a86\" data-element_type=\"widget\" data-widget_type=\"iimagebox1.default\">\n\t\t\t\t<div class=\"elementor-widget-container\">\n\t\t\t\t\t<a class=\"ot-image-box\" href=\"#\">\r\n\t\t\t<div class=\"overlay\">\r\n\t        \t<h4><\/h4>\r\n\t\t\t<\/div>\r\n\t\t\t<img decoding=\"async\" src=\"https:\/\/estrategia.schwartzmkt.com\/wp-content\/uploads\/2024\/04\/2150844919.jpg\" alt=\"\">\r\n\t\t<\/a>\r\n\t    \t\t<\/div>\n\t\t\t\t<\/div>\n\t\t\t\t<div class=\"elementor-element elementor-element-90fe1fb elementor-widget elementor-widget-iimagebox1\" data-id=\"90fe1fb\" data-element_type=\"widget\" data-widget_type=\"iimagebox1.default\">\n\t\t\t\t<div class=\"elementor-widget-container\">\n\t\t\t\t\t<a class=\"ot-image-box\" href=\"#\">\r\n\t\t\t<div class=\"overlay\">\r\n\t        \t<h4><\/h4>\r\n\t\t\t<\/div>\r\n\t\t\t<img decoding=\"async\" src=\"https:\/\/estrategia.schwartzmkt.com\/wp-content\/uploads\/2024\/05\/DASH.png\" alt=\"\">\r\n\t\t<\/a>\r\n\t    \t\t<\/div>\n\t\t\t\t<\/div>\n\t\t\t\t\t<\/div>\n\t\t<\/div>\n\t\t\t\t<div class=\"elementor-column elementor-col-50 elementor-inner-column elementor-element elementor-element-1fb4497 ot-flex-column-vertical\" data-id=\"1fb4497\" data-element_type=\"column\">\n\t\t\t<div class=\"elementor-widget-wrap elementor-element-populated\">\n\t\t\t\t\t\t<div class=\"elementor-element elementor-element-c510904 elementor-widget elementor-widget-iimagebox1\" data-id=\"c510904\" data-element_type=\"widget\" data-widget_type=\"iimagebox1.default\">\n\t\t\t\t<div class=\"elementor-widget-container\">\n\t\t\t\t\t<a class=\"ot-image-box\" href=\"#\">\r\n\t\t\t<div class=\"overlay\">\r\n\t        \t<h4><\/h4>\r\n\t\t\t<\/div>\r\n\t\t\t<img decoding=\"async\" src=\"https:\/\/estrategia.schwartzmkt.com\/wp-content\/uploads\/2024\/04\/schwartz-e-gama1.jpeg\" alt=\"\">\r\n\t\t<\/a>\r\n\t    \t\t<\/div>\n\t\t\t\t<\/div>\n\t\t\t\t<div class=\"elementor-element elementor-element-e4e37c8 elementor-widget elementor-widget-iimagebox1\" data-id=\"e4e37c8\" data-element_type=\"widget\" data-widget_type=\"iimagebox1.default\">\n\t\t\t\t<div class=\"elementor-widget-container\">\n\t\t\t\t\t<a class=\"ot-image-box\" href=\"#\">\r\n\t\t\t<div class=\"overlay\">\r\n\t        \t<h4><\/h4>\r\n\t\t\t<\/div>\r\n\t\t\t<img decoding=\"async\" src=\"https:\/\/estrategia.schwartzmkt.com\/wp-content\/uploads\/revslider\/home-1\/slide3-home1.jpg\" alt=\"\">\r\n\t\t<\/a>\r\n\t    \t\t<\/div>\n\t\t\t\t<\/div>\n\t\t\t\t\t<\/div>\n\t\t<\/div>\n\t\t\t\t\t<\/div>\n\t\t<\/section>\n\t\t\t\t\t<\/div>\n\t\t<\/div>\n\t\t\t\t\t<\/div>\n\t\t<\/section>\n\t\t\t\t<section class=\"elementor-section elementor-top-section elementor-element elementor-element-f503587 elementor-section-full_width elementor-section-stretched ot-traditional elementor-section-height-default elementor-section-height-default\" data-id=\"f503587\" data-element_type=\"section\" data-settings=\"{&quot;background_background&quot;:&quot;classic&quot;,&quot;stretch_section&quot;:&quot;section-stretched&quot;}\">\n\t\t\t\t\t\t\t<div class=\"elementor-background-overlay\"><\/div>\n\t\t\t\t\t\t\t<div class=\"elementor-container elementor-column-gap-default\">\n\t\t\t\t\t<div class=\"elementor-column elementor-col-50 elementor-top-column elementor-element elementor-element-23951f3 ot-flex-column-vertical\" data-id=\"23951f3\" data-element_type=\"column\">\n\t\t\t<div class=\"elementor-widget-wrap elementor-element-populated\">\n\t\t\t\t\t\t<div class=\"elementor-element elementor-element-f121057 elementor-widget elementor-widget-image\" data-id=\"f121057\" data-element_type=\"widget\" data-widget_type=\"image.default\">\n\t\t\t\t<div class=\"elementor-widget-container\">\n\t\t\t<style>\/*! elementor - v3.21.0 - 08-05-2024 *\/\n.elementor-widget-image{text-align:center}.elementor-widget-image a{display:inline-block}.elementor-widget-image a img[src$=\".svg\"]{width:48px}.elementor-widget-image img{vertical-align:middle;display:inline-block}<\/style>\t\t\t\t\t\t\t\t\t\t<img fetchpriority=\"high\" decoding=\"async\" width=\"1920\" height=\"811\" src=\"https:\/\/estrategia.schwartzmkt.com\/wp-content\/uploads\/revslider\/home-4\/slide1-home4.jpg\" class=\"attachment-full size-full wp-image-5009\" alt=\"\" srcset=\"https:\/\/estrategia.schwartzmkt.com\/wp-content\/uploads\/revslider\/home-4\/slide1-home4.jpg 1920w, https:\/\/estrategia.schwartzmkt.com\/wp-content\/uploads\/revslider\/home-4\/slide1-home4-300x127.jpg 300w, https:\/\/estrategia.schwartzmkt.com\/wp-content\/uploads\/revslider\/home-4\/slide1-home4-1024x433.jpg 1024w, https:\/\/estrategia.schwartzmkt.com\/wp-content\/uploads\/revslider\/home-4\/slide1-home4-768x324.jpg 768w, https:\/\/estrategia.schwartzmkt.com\/wp-content\/uploads\/revslider\/home-4\/slide1-home4-1536x649.jpg 1536w, https:\/\/estrategia.schwartzmkt.com\/wp-content\/uploads\/revslider\/home-4\/slide1-home4-720x304.jpg 720w\" sizes=\"(max-width: 1920px) 100vw, 1920px\" \/>\t\t\t\t\t\t\t\t\t\t\t\t\t<\/div>\n\t\t\t\t<\/div>\n\t\t\t\t\t<\/div>\n\t\t<\/div>\n\t\t\t\t<div class=\"elementor-column elementor-col-50 elementor-top-column elementor-element elementor-element-87839ee ot-flex-column-vertical\" data-id=\"87839ee\" data-element_type=\"column\">\n\t\t\t<div class=\"elementor-widget-wrap elementor-element-populated\">\n\t\t\t\t\t\t<div class=\"elementor-element elementor-element-8b8ec8d elementor-widget elementor-widget-iheading\" data-id=\"8b8ec8d\" data-element_type=\"widget\" data-widget_type=\"iheading.default\">\n\t\t\t\t<div class=\"elementor-widget-container\">\n\t\t\t\t\t<div class=\"ot-heading\">\r\n\t        \t            <span>\/\/  CONSULTORIA EM MARKETING DIGITAL<\/span>\r\n\t        <h2 class=\"main-heading\">Nossos Servi\u00e7os Incluem:<\/h2>\t    <\/div>\r\n\t    \t\t<\/div>\n\t\t\t\t<\/div>\n\t\t\t\t<section class=\"elementor-section elementor-inner-section elementor-element elementor-element-71fde15 elementor-section-full_width ot-traditional elementor-section-height-default elementor-section-height-default\" data-id=\"71fde15\" data-element_type=\"section\">\n\t\t\t\t\t\t<div class=\"elementor-container elementor-column-gap-default\">\n\t\t\t\t\t<div class=\"elementor-column elementor-col-100 elementor-inner-column elementor-element elementor-element-96b314c ot-flex-column-vertical\" data-id=\"96b314c\" data-element_type=\"column\">\n\t\t\t<div class=\"elementor-widget-wrap elementor-element-populated\">\n\t\t\t\t\t\t<div class=\"elementor-element elementor-element-fbedbb7 elementor-widget elementor-widget-heading\" data-id=\"fbedbb7\" data-element_type=\"widget\" data-widget_type=\"heading.default\">\n\t\t\t\t<div class=\"elementor-widget-container\">\n\t\t\t<style>\/*! elementor - v3.21.0 - 08-05-2024 *\/\n.elementor-heading-title{padding:0;margin:0;line-height:1}.elementor-widget-heading .elementor-heading-title[class*=elementor-size-]>a{color:inherit;font-size:inherit;line-height:inherit}.elementor-widget-heading .elementor-heading-title.elementor-size-small{font-size:15px}.elementor-widget-heading .elementor-heading-title.elementor-size-medium{font-size:19px}.elementor-widget-heading .elementor-heading-title.elementor-size-large{font-size:29px}.elementor-widget-heading .elementor-heading-title.elementor-size-xl{font-size:39px}.elementor-widget-heading .elementor-heading-title.elementor-size-xxl{font-size:59px}<\/style><h5 class=\"elementor-heading-title elementor-size-default\">SEO e SEM<\/h5>\t\t<\/div>\n\t\t\t\t<\/div>\n\t\t\t\t<div class=\"elementor-element elementor-element-0574b6b elementor-widget elementor-widget-text-editor\" data-id=\"0574b6b\" data-element_type=\"widget\" data-widget_type=\"text-editor.default\">\n\t\t\t\t<div class=\"elementor-widget-container\">\n\t\t\t\t\t\t\t<p>Estrat\u00e9gias para melhorar o ranking em motores de busca e aumentar a visibilidade online.<\/p><div id=\"accel-snackbar\" style=\"left: 50%; transform: translate(-50%, 0px); top: 50px;\">\u00a0<\/div>\t\t\t\t\t\t<\/div>\n\t\t\t\t<\/div>\n\t\t\t\t\t<\/div>\n\t\t<\/div>\n\t\t\t\t\t<\/div>\n\t\t<\/section>\n\t\t\t\t<section class=\"elementor-section elementor-inner-section elementor-element elementor-element-504227f elementor-section-full_width ot-traditional elementor-section-height-default elementor-section-height-default\" data-id=\"504227f\" data-element_type=\"section\">\n\t\t\t\t\t\t<div class=\"elementor-container elementor-column-gap-default\">\n\t\t\t\t\t<div class=\"elementor-column elementor-col-100 elementor-inner-column elementor-element elementor-element-1408f92 ot-flex-column-vertical\" data-id=\"1408f92\" data-element_type=\"column\">\n\t\t\t<div class=\"elementor-widget-wrap elementor-element-populated\">\n\t\t\t\t\t\t<div class=\"elementor-element elementor-element-03ae66c elementor-widget elementor-widget-heading\" data-id=\"03ae66c\" data-element_type=\"widget\" data-widget_type=\"heading.default\">\n\t\t\t\t<div class=\"elementor-widget-container\">\n\t\t\t<h5 class=\"elementor-heading-title elementor-size-default\">Marketing de Conte\u00fado<\/h5>\t\t<\/div>\n\t\t\t\t<\/div>\n\t\t\t\t<div class=\"elementor-element elementor-element-6080132 elementor-widget elementor-widget-text-editor\" data-id=\"6080132\" data-element_type=\"widget\" data-widget_type=\"text-editor.default\">\n\t\t\t\t<div class=\"elementor-widget-container\">\n\t\t\t\t\t\t\t<p>Desenvolvimento de conte\u00fado estrat\u00e9gico que engaja e converte.<\/p><div id=\"accel-snackbar\" style=\"left: 50%; transform: translate(-50%, 0px); top: 50px;\">\u00a0<\/div>\t\t\t\t\t\t<\/div>\n\t\t\t\t<\/div>\n\t\t\t\t\t<\/div>\n\t\t<\/div>\n\t\t\t\t\t<\/div>\n\t\t<\/section>\n\t\t\t\t<section class=\"elementor-section elementor-inner-section elementor-element elementor-element-6050d50 elementor-section-full_width ot-traditional elementor-section-height-default elementor-section-height-default\" data-id=\"6050d50\" data-element_type=\"section\">\n\t\t\t\t\t\t<div class=\"elementor-container elementor-column-gap-default\">\n\t\t\t\t\t<div class=\"elementor-column elementor-col-100 elementor-inner-column elementor-element elementor-element-b7d5105 ot-flex-column-vertical\" data-id=\"b7d5105\" data-element_type=\"column\">\n\t\t\t<div class=\"elementor-widget-wrap elementor-element-populated\">\n\t\t\t\t\t\t<div class=\"elementor-element elementor-element-1b428a7 elementor-widget elementor-widget-heading\" data-id=\"1b428a7\" data-element_type=\"widget\" data-widget_type=\"heading.default\">\n\t\t\t\t<div class=\"elementor-widget-container\">\n\t\t\t<h5 class=\"elementor-heading-title elementor-size-default\">Gest\u00e3o de M\u00eddias Sociais<\/h5>\t\t<\/div>\n\t\t\t\t<\/div>\n\t\t\t\t<div class=\"elementor-element elementor-element-7b5d392 elementor-widget elementor-widget-text-editor\" data-id=\"7b5d392\" data-element_type=\"widget\" data-widget_type=\"text-editor.default\">\n\t\t\t\t<div class=\"elementor-widget-container\">\n\t\t\t\t\t\t\t<p>Cria\u00e7\u00e3o e monitoramento de conte\u00fado para plataformas de m\u00eddias sociais para construir comunidade e intera\u00e7\u00e3o.<\/p><div id=\"accel-snackbar\" style=\"left: 50%; transform: translate(-50%, 0px); top: 50px;\">\u00a0<\/div>\t\t\t\t\t\t<\/div>\n\t\t\t\t<\/div>\n\t\t\t\t\t<\/div>\n\t\t<\/div>\n\t\t\t\t\t<\/div>\n\t\t<\/section>\n\t\t\t\t<section class=\"elementor-section elementor-inner-section elementor-element elementor-element-457fd05 elementor-section-full_width ot-traditional elementor-section-height-default elementor-section-height-default\" data-id=\"457fd05\" data-element_type=\"section\">\n\t\t\t\t\t\t<div class=\"elementor-container elementor-column-gap-default\">\n\t\t\t\t\t<div class=\"elementor-column elementor-col-100 elementor-inner-column elementor-element elementor-element-813c1c1 ot-flex-column-vertical\" data-id=\"813c1c1\" data-element_type=\"column\">\n\t\t\t<div class=\"elementor-widget-wrap elementor-element-populated\">\n\t\t\t\t\t\t<div class=\"elementor-element elementor-element-dd47f74 elementor-widget elementor-widget-heading\" data-id=\"dd47f74\" data-element_type=\"widget\" data-widget_type=\"heading.default\">\n\t\t\t\t<div class=\"elementor-widget-container\">\n\t\t\t<h5 class=\"elementor-heading-title elementor-size-default\">An\u00e1lise de Dados e Performance<\/h5>\t\t<\/div>\n\t\t\t\t<\/div>\n\t\t\t\t<div class=\"elementor-element elementor-element-9877646 elementor-widget elementor-widget-text-editor\" data-id=\"9877646\" data-element_type=\"widget\" data-widget_type=\"text-editor.default\">\n\t\t\t\t<div class=\"elementor-widget-container\">\n\t\t\t\t\t\t\t<p>Utiliza\u00e7\u00e3o de dados para aprimorar estrat\u00e9gias e otimizar resultados.<\/p><div id=\"accel-snackbar\" style=\"left: 50%; transform: translate(-50%, 0px); top: 50px;\">\u00a0<\/div>\t\t\t\t\t\t<\/div>\n\t\t\t\t<\/div>\n\t\t\t\t\t<\/div>\n\t\t<\/div>\n\t\t\t\t\t<\/div>\n\t\t<\/section>\n\t\t\t\t<section class=\"elementor-section elementor-inner-section elementor-element elementor-element-ed82f77 elementor-section-full_width ot-traditional elementor-section-height-default elementor-section-height-default\" data-id=\"ed82f77\" data-element_type=\"section\">\n\t\t\t\t\t\t<div class=\"elementor-container elementor-column-gap-default\">\n\t\t\t\t\t<div class=\"elementor-column elementor-col-100 elementor-inner-column elementor-element elementor-element-a5a89c3 ot-flex-column-vertical\" data-id=\"a5a89c3\" data-element_type=\"column\">\n\t\t\t<div class=\"elementor-widget-wrap elementor-element-populated\">\n\t\t\t\t\t\t<div class=\"elementor-element elementor-element-388b175 elementor-widget elementor-widget-heading\" data-id=\"388b175\" data-element_type=\"widget\" data-widget_type=\"heading.default\">\n\t\t\t\t<div class=\"elementor-widget-container\">\n\t\t\t<h5 class=\"elementor-heading-title elementor-size-default\">Tr\u00e1fego Pago em Google Ads e Meta Ads<\/h5>\t\t<\/div>\n\t\t\t\t<\/div>\n\t\t\t\t<div class=\"elementor-element elementor-element-9de9c22 elementor-widget elementor-widget-text-editor\" data-id=\"9de9c22\" data-element_type=\"widget\" data-widget_type=\"text-editor.default\">\n\t\t\t\t<div class=\"elementor-widget-container\">\n\t\t\t\t\t\t\t<p>Impulsione seu alcance com campanhas de tr\u00e1fego pago altamente direcionadas em Google Ads e Meta Ads, garantindo que seu investimento converta em resultados tang\u00edveis.<\/p><div id=\"accel-snackbar\" style=\"left: 50%; transform: translate(-50%, 0px); top: 50px;\">\u00a0<\/div>\t\t\t\t\t\t<\/div>\n\t\t\t\t<\/div>\n\t\t\t\t\t<\/div>\n\t\t<\/div>\n\t\t\t\t\t<\/div>\n\t\t<\/section>\n\t\t\t\t<section class=\"elementor-section elementor-inner-section elementor-element elementor-element-d35d41a elementor-section-full_width ot-traditional elementor-section-height-default elementor-section-height-default\" data-id=\"d35d41a\" data-element_type=\"section\">\n\t\t\t\t\t\t<div class=\"elementor-container elementor-column-gap-default\">\n\t\t\t\t\t<div class=\"elementor-column elementor-col-100 elementor-inner-column elementor-element elementor-element-7f54c0c ot-flex-column-vertical\" data-id=\"7f54c0c\" data-element_type=\"column\">\n\t\t\t<div class=\"elementor-widget-wrap elementor-element-populated\">\n\t\t\t\t\t\t<div class=\"elementor-element elementor-element-875958b elementor-widget elementor-widget-heading\" data-id=\"875958b\" data-element_type=\"widget\" data-widget_type=\"heading.default\">\n\t\t\t\t<div class=\"elementor-widget-container\">\n\t\t\t<h5 class=\"elementor-heading-title elementor-size-default\">Analytics e Medi\u00e7\u00e3o de Desempenho<\/h5>\t\t<\/div>\n\t\t\t\t<\/div>\n\t\t\t\t<div class=\"elementor-element elementor-element-505a818 elementor-widget elementor-widget-text-editor\" data-id=\"505a818\" data-element_type=\"widget\" data-widget_type=\"text-editor.default\">\n\t\t\t\t<div class=\"elementor-widget-container\">\n\t\t\t\t\t\t\t<p>Ferramentas de analytics para obter insights profundos sobre o comportamento dos usu\u00e1rios e o desempenho das campanhas, permitindo a otimiza\u00e7\u00e3o cont\u00ednua das estrat\u00e9gias.<\/p><div id=\"accel-snackbar\" style=\"left: 50%; transform: translate(-50%, 0px); top: 50px;\">\u00a0<\/div>\t\t\t\t\t\t<\/div>\n\t\t\t\t<\/div>\n\t\t\t\t\t<\/div>\n\t\t<\/div>\n\t\t\t\t\t<\/div>\n\t\t<\/section>\n\t\t\t\t\t<\/div>\n\t\t<\/div>\n\t\t\t\t\t<\/div>\n\t\t<\/section>\n\t\t\t\t<\/div>\n\t\t","protected":false},"excerpt":{"rendered":"<p>&nbsp; \/\/ CONSULTORIA EM MARKETING DIGITAL Transforme Sua Presen\u00e7a Online No mundo digital de hoje, uma presen\u00e7a online robusta \u00e9 essencial para o sucesso dos neg\u00f3cios. A Schwartz &amp; Gama oferece servi\u00e7os de consultoria em marketing digital para ajudar sua empresa a alcan\u00e7ar excel\u00eancia e inova\u00e7\u00e3o no ambiente digital. Por Que Nos Escolher? Combinamos expertise [&hellip;]<\/p>\n","protected":false},"author":1,"featured_media":0,"parent":0,"menu_order":0,"comment_status":"closed","ping_status":"closed","template":"","meta":{"footnotes":""},"_links":{"self":[{"href":"https:\/\/estrategia.schwartzmkt.com\/index.php\/wp-json\/wp\/v2\/pages\/5616"}],"collection":[{"href":"https:\/\/estrategia.schwartzmkt.com\/index.php\/wp-json\/wp\/v2\/pages"}],"about":[{"href":"https:\/\/estrategia.schwartzmkt.com\/index.php\/wp-json\/wp\/v2\/types\/page"}],"author":[{"embeddable":true,"href":"https:\/\/estrategia.schwartzmkt.com\/index.php\/wp-json\/wp\/v2\/users\/1"}],"replies":[{"embeddable":true,"href":"https:\/\/estrategia.schwartzmkt.com\/index.php\/wp-json\/wp\/v2\/comments?post=5616"}],"version-history":[{"count":12,"href":"https:\/\/estrategia.schwartzmkt.com\/index.php\/wp-json\/wp\/v2\/pages\/5616\/revisions"}],"predecessor-version":[{"id":5657,"href":"https:\/\/estrategia.schwartzmkt.com\/index.php\/wp-json\/wp\/v2\/pages\/5616\/revisions\/5657"}],"wp:attachment":[{"href":"https:\/\/estrategia.schwartzmkt.com\/index.php\/wp-json\/wp\/v2\/media?parent=5616"}],"curies":[{"name":"wp","href":"https:\/\/api.w.org\/{rel}","templated":true}]}}